{"id":5163,"date":"2026-03-26T09:43:53","date_gmt":"2026-03-26T09:43:53","guid":{"rendered":"https:\/\/anthropolis.hu\/anthropolis\/?page_id=5163"},"modified":"2026-03-26T09:45:04","modified_gmt":"2026-03-26T09:45:04","slug":"anthropolis-folyoiratok","status":"publish","type":"page","link":"http:\/\/anthropolis.hu\/en\/kiadvanyok\/anthropolis-folyoiratok\/","title":{"rendered":"Anthropolis foly\u00f3iratok"},"content":{"rendered":"\t\t<div data-elementor-type=\"wp-page\" data-elementor-id=\"5163\" class=\"elementor elementor-5163\" data-elementor-post-type=\"page\">\n\t\t\t\t<div class=\"elementor-element elementor-element-8842cde e-con-full e-flex e-con e-parent\" data-id=\"8842cde\" data-element_type=\"container\" data-e-type=\"container\">\n\t\t<div class=\"elementor-element elementor-element-4a82816 e-con-full e-flex e-con e-child\" data-id=\"4a82816\" data-element_type=\"container\" data-e-type=\"container\" data-settings=\"{&quot;background_background&quot;:&quot;classic&quot;}\">\n\t\t<div class=\"elementor-element elementor-element-f11447e e-con-full e-flex e-con e-child\" data-id=\"f11447e\" data-element_type=\"container\" data-e-type=\"container\" data-settings=\"{&quot;animation&quot;:&quot;none&quot;}\">\n\t\t\t\t<div class=\"elementor-element elementor-element-03b9f0c projektek-felso-leiras elementor-invisible elementor-widget elementor-widget-heading\" data-id=\"03b9f0c\" data-element_type=\"widget\" data-e-type=\"widget\" data-settings=\"{&quot;_animation&quot;:&quot;fadeInLeft&quot;,&quot;_animation_delay&quot;:500}\" data-widget_type=\"heading.default\">\n\t\t\t\t\t<h3 class=\"elementor-heading-title elementor-size-default\">V\u00e1logasson az<\/h3>\t\t\t\t<\/div>\n\t\t\t\t<div class=\"elementor-element elementor-element-b211143 projektek-felso-cim elementor-invisible elementor-widget elementor-widget-heading\" data-id=\"b211143\" data-element_type=\"widget\" data-e-type=\"widget\" data-settings=\"{&quot;_animation&quot;:&quot;fadeInLeft&quot;}\" data-widget_type=\"heading.default\">\n\t\t\t\t\t<h2 class=\"elementor-heading-title elementor-size-default\">Anthropolis foly\u00f3iratok<\/h2>\t\t\t\t<\/div>\n\t\t\t\t<div class=\"elementor-element elementor-element-29499df elementor-widget-divider--view-line elementor-widget elementor-widget-divider\" data-id=\"29499df\" data-element_type=\"widget\" data-e-type=\"widget\" data-widget_type=\"divider.default\">\n\t\t\t\t\t\t\t<div class=\"elementor-divider\">\n\t\t\t<span class=\"elementor-divider-separator\">\n\t\t\t\t\t\t<\/span>\n\t\t<\/div>\n\t\t\t\t\t\t<\/div>\n\t\t\t\t<div class=\"elementor-element elementor-element-54d28cc projektek-felso-leiras elementor-invisible elementor-widget elementor-widget-heading\" data-id=\"54d28cc\" data-element_type=\"widget\" data-e-type=\"widget\" data-settings=\"{&quot;_animation&quot;:&quot;fadeInLeft&quot;,&quot;_animation_delay&quot;:500}\" data-widget_type=\"heading.default\">\n\t\t\t\t\t<h3 class=\"elementor-heading-title elementor-size-default\">k\u00f6z\u00fcl<\/h3>\t\t\t\t<\/div>\n\t\t\t\t<\/div>\n\t\t\t\t<\/div>\n\t\t<div class=\"elementor-element elementor-element-c0308ce e-con-full e-flex elementor-invisible e-con e-child\" data-id=\"c0308ce\" data-element_type=\"container\" data-e-type=\"container\" data-settings=\"{&quot;background_background&quot;:&quot;classic&quot;,&quot;animation&quot;:&quot;fadeInRight&quot;}\">\n\t\t<div class=\"elementor-element elementor-element-79fbcde e-con-full e-flex e-con e-child\" data-id=\"79fbcde\" data-element_type=\"container\" data-e-type=\"container\">\n\t\t\t\t<\/div>\n\t\t\t\t<\/div>\n\t\t\t\t<\/div>\n\t\t<div class=\"elementor-element elementor-element-7263709 e-con-full e-flex e-con e-parent\" data-id=\"7263709\" data-element_type=\"container\" data-e-type=\"container\" data-settings=\"{&quot;background_background&quot;:&quot;classic&quot;}\">\n\t\t<div class=\"elementor-element elementor-element-61e1cbf e-con-full e-flex e-con e-child\" data-id=\"61e1cbf\" data-element_type=\"container\" data-e-type=\"container\">\n\t\t\t\t<div class=\"elementor-element elementor-element-dd235e3 elementor-grid-3 elementor-grid-tablet-2 elementor-grid-mobile-1 elementor-widget elementor-widget-loop-grid\" data-id=\"dd235e3\" data-element_type=\"widget\" data-e-type=\"widget\" data-settings=\"{&quot;template_id&quot;:&quot;4878&quot;,&quot;pagination_type&quot;:&quot;load_more_infinite_scroll&quot;,&quot;row_gap&quot;:{&quot;unit&quot;:&quot;px&quot;,&quot;size&quot;:100,&quot;sizes&quot;:[]},&quot;row_gap_tablet&quot;:{&quot;unit&quot;:&quot;px&quot;,&quot;size&quot;:60,&quot;sizes&quot;:[]},&quot;row_gap_mobile&quot;:{&quot;unit&quot;:&quot;px&quot;,&quot;size&quot;:20,&quot;sizes&quot;:[]},&quot;_skin&quot;:&quot;post&quot;,&quot;columns&quot;:&quot;3&quot;,&quot;columns_tablet&quot;:&quot;2&quot;,&quot;columns_mobile&quot;:&quot;1&quot;,&quot;edit_handle_selector&quot;:&quot;[data-elementor-type=\\&quot;loop-item\\&quot;]&quot;,&quot;load_more_spinner&quot;:{&quot;value&quot;:&quot;fas fa-spinner&quot;,&quot;library&quot;:&quot;fa-solid&quot;}}\" data-widget_type=\"loop-grid.post\">\n\t\t\t\t<div class=\"elementor-widget-container\">\n\t\t\t\t\t\t\t<div class=\"e-loop-nothing-found-message\">\r\n\t\t\t\t\t<div class=\"e-loop-nothing-found-message__text\">\r\n\t\t\t\tFelt\u00f6lt\u00e9s alatt.\t\t\t<\/div>\r\n\t\t\t<\/div>\r\n\t\t\t\t\t\t<\/div>\n\t\t\t\t<\/div>\n\t\t\t\t<\/div>\n\t\t\t\t<\/div>\n\t\t\t\t<\/div>\n\t\t","protected":false},"excerpt":{"rendered":"<p>V\u00e1logasson az Anthropolis foly\u00f3iratok k\u00f6z\u00fcl<\/p>","protected":false},"author":1,"featured_media":0,"parent":4983,"menu_order":0,"comment_status":"closed","ping_status":"closed","template":"elementor_header_footer","meta":{"footnotes":""},"class_list":["post-5163","page","type-page","status-publish","hentry"],"_links":{"self":[{"href":"http:\/\/anthropolis.hu\/en\/wp-json\/wp\/v2\/pages\/5163","targetHints":{"allow":["GET"]}}],"collection":[{"href":"http:\/\/anthropolis.hu\/en\/wp-json\/wp\/v2\/pages"}],"about":[{"href":"http:\/\/anthropolis.hu\/en\/wp-json\/wp\/v2\/types\/page"}],"author":[{"embeddable":true,"href":"http:\/\/anthropolis.hu\/en\/wp-json\/wp\/v2\/users\/1"}],"replies":[{"embeddable":true,"href":"http:\/\/anthropolis.hu\/en\/wp-json\/wp\/v2\/comments?post=5163"}],"version-history":[{"count":7,"href":"http:\/\/anthropolis.hu\/en\/wp-json\/wp\/v2\/pages\/5163\/revisions"}],"predecessor-version":[{"id":5170,"href":"http:\/\/anthropolis.hu\/en\/wp-json\/wp\/v2\/pages\/5163\/revisions\/5170"}],"up":[{"embeddable":true,"href":"http:\/\/anthropolis.hu\/en\/wp-json\/wp\/v2\/pages\/4983"}],"wp:attachment":[{"href":"http:\/\/anthropolis.hu\/en\/wp-json\/wp\/v2\/media?parent=5163"}],"curies":[{"name":"wp","href":"https:\/\/api.w.org\/{rel}","templated":true}]}}